{"id":11,"date":"2014-06-27T06:48:08","date_gmt":"2014-06-27T06:48:08","guid":{"rendered":"http:\/\/jj-maskinstation.dk\/?page_id=11"},"modified":"2015-06-18T07:48:18","modified_gmt":"2015-06-18T07:48:18","slug":"kloak","status":"publish","type":"page","link":"https:\/\/jj-maskinstation.dk\/?page_id=11","title":{"rendered":"Kloak"},"content":{"rendered":"<p><a href=\"http:\/\/jj-maskinstation.dk\/wp-content\/uploads\/2014\/06\/IMG_20140113_114411.jpg\"><img loading=\"lazy\" decoding=\"async\" class=\"alignnone size-thumbnail wp-image-83\" src=\"http:\/\/jj-maskinstation.dk\/wp-content\/uploads\/2014\/06\/IMG_20140113_114411-150x150.jpg\" alt=\"IMG_20140113_114411\" width=\"150\" height=\"150\" srcset=\"https:\/\/jj-maskinstation.dk\/wp-content\/uploads\/2014\/06\/IMG_20140113_114411-150x150.jpg 150w, https:\/\/jj-maskinstation.dk\/wp-content\/uploads\/2014\/06\/IMG_20140113_114411-270x270.jpg 270w\" sizes=\"auto, (max-width: 150px) 100vw, 150px\" \/><\/a><\/p>\n<p>Vi laver alle former for kloak og dr\u00e6narbejde.<\/p>\n<ul>\n<li>Kloakrenovering<\/li>\n<li>Ny anl\u00e6g med tilslutning til trikstank eller rensningsanl\u00e6g<\/li>\n<li>Nedsivningsanl\u00e6g<\/li>\n<li>Olieudskillere<\/li>\n<li>Fedtudskillere<\/li>\n<li>Kloak tv<\/li>\n<li>H\u00f8jtryksspuling<\/li>\n<li>T\u00f8mning af samletanke<\/li>\n<li>Omfangsdr\u00e6n<\/li>\n<li>Tegninger og godkendelse ved kommunen<\/li>\n<\/ul>\n<div id=\"attachment_60\" style=\"width: 160px\" class=\"wp-caption alignnone\"><a href=\"http:\/\/jj-maskinstation.dk\/wp-content\/uploads\/2014\/06\/DSC_0128.jpg\"><img loading=\"lazy\" decoding=\"async\" aria-describedby=\"caption-attachment-60\" class=\"size-thumbnail wp-image-60\" src=\"http:\/\/jj-maskinstation.dk\/wp-content\/uploads\/2014\/06\/DSC_0128-150x150.jpg\" alt=\"Dr\u00e6ning af mark.\" width=\"150\" height=\"150\" srcset=\"https:\/\/jj-maskinstation.dk\/wp-content\/uploads\/2014\/06\/DSC_0128-150x150.jpg 150w, https:\/\/jj-maskinstation.dk\/wp-content\/uploads\/2014\/06\/DSC_0128-270x270.jpg 270w\" sizes=\"auto, (max-width: 150px) 100vw, 150px\" \/><\/a><p id=\"caption-attachment-60\" class=\"wp-caption-text\">Dr\u00e6ning af mark.<\/p><\/div>\n<p>&nbsp;<\/p>\n","protected":false},"excerpt":{"rendered":"<p>Vi laver alle former for kloak og dr\u00e6narbejde. Kloakrenovering Ny anl\u00e6g med tilslutning til trikstank eller rensningsanl\u00e6g Nedsivningsanl\u00e6g Olieudskillere Fedtudskillere Kloak tv H\u00f8jtryksspuling T\u00f8mning af samletanke Omfangsdr\u00e6n Tegninger og godkendelse ved kommunen &nbsp;<\/p>\n","protected":false},"author":1,"featured_media":0,"parent":0,"menu_order":0,"comment_status":"closed","ping_status":"open","template":"","meta":{"footnotes":""},"class_list":["post-11","page","type-page","status-publish","hentry"],"_links":{"self":[{"href":"https:\/\/jj-maskinstation.dk\/index.php?rest_route=\/wp\/v2\/pages\/11","targetHints":{"allow":["GET"]}}],"collection":[{"href":"https:\/\/jj-maskinstation.dk\/index.php?rest_route=\/wp\/v2\/pages"}],"about":[{"href":"https:\/\/jj-maskinstation.dk\/index.php?rest_route=\/wp\/v2\/types\/page"}],"author":[{"embeddable":true,"href":"https:\/\/jj-maskinstation.dk\/index.php?rest_route=\/wp\/v2\/users\/1"}],"replies":[{"embeddable":true,"href":"https:\/\/jj-maskinstation.dk\/index.php?rest_route=%2Fwp%2Fv2%2Fcomments&post=11"}],"version-history":[{"count":7,"href":"https:\/\/jj-maskinstation.dk\/index.php?rest_route=\/wp\/v2\/pages\/11\/revisions"}],"predecessor-version":[{"id":91,"href":"https:\/\/jj-maskinstation.dk\/index.php?rest_route=\/wp\/v2\/pages\/11\/revisions\/91"}],"wp:attachment":[{"href":"https:\/\/jj-maskinstation.dk\/index.php?rest_route=%2Fwp%2Fv2%2Fmedia&parent=11"}],"curies":[{"name":"wp","href":"https:\/\/api.w.org\/{rel}","templated":true}]}}