{"id":13,"date":"2014-06-27T07:05:02","date_gmt":"2014-06-27T07:05:02","guid":{"rendered":"http:\/\/jj-maskinstation.dk\/?page_id=13"},"modified":"2015-06-18T07:47:52","modified_gmt":"2015-06-18T07:47:52","slug":"anlaeg","status":"publish","type":"page","link":"https:\/\/jj-maskinstation.dk\/?page_id=13","title":{"rendered":"Anl\u00e6g"},"content":{"rendered":"<p><a href=\"http:\/\/jj-maskinstation.dk\/wp-content\/uploads\/2014\/06\/DSC_0651.jpg\"><img loading=\"lazy\" decoding=\"async\" class=\"alignnone size-thumbnail wp-image-86\" src=\"http:\/\/jj-maskinstation.dk\/wp-content\/uploads\/2014\/06\/DSC_0651-150x150.jpg\" alt=\"DSC_0651\" width=\"150\" height=\"150\" srcset=\"https:\/\/jj-maskinstation.dk\/wp-content\/uploads\/2014\/06\/DSC_0651-150x150.jpg 150w, https:\/\/jj-maskinstation.dk\/wp-content\/uploads\/2014\/06\/DSC_0651-270x270.jpg 270w\" sizes=\"auto, (max-width: 150px) 100vw, 150px\" \/><\/a> <a href=\"http:\/\/jj-maskinstation.dk\/wp-content\/uploads\/2014\/06\/DSC_06521.jpg\"><img loading=\"lazy\" decoding=\"async\" class=\"alignnone size-thumbnail wp-image-87\" src=\"http:\/\/jj-maskinstation.dk\/wp-content\/uploads\/2014\/06\/DSC_06521-150x150.jpg\" alt=\"DSC_0652\" width=\"150\" height=\"150\" srcset=\"https:\/\/jj-maskinstation.dk\/wp-content\/uploads\/2014\/06\/DSC_06521-150x150.jpg 150w, https:\/\/jj-maskinstation.dk\/wp-content\/uploads\/2014\/06\/DSC_06521-270x270.jpg 270w\" sizes=\"auto, (max-width: 150px) 100vw, 150px\" \/><\/a><\/p>\n<p>Vi har stor erfaring indenfor etablering af veje og indk\u00f8rsler med forskellige former for bel\u00e6gning (asfalt og fliser). Nedgravning af kloak og vandledninger, el og antennekabel, er ogs\u00e5 arbejdsomr\u00e5der vi p\u00e5tager os. Endvidere s\u00f8rger vi for etablering af fundamenter til huse og erhvervsbygninger.<\/p>\n<p>F\u00f8lgende er en del af vore store og velholdte maskinpark:<\/p>\n<ul>\n<li>Rendegraver<\/li>\n<li>Minigraver 1,5 tons til 7 tons<\/li>\n<li>Gravemaskine 22 tons<\/li>\n<li>Alle udstyret med kipbar planerskovl, for perfekt reguleringsarbejde.<\/li>\n<li>Stort tilbeh\u00f8rsprogram<\/li>\n<li>Oliehammer<\/li>\n<li>Flise og kantstenstang<\/li>\n<li>Jordbor<\/li>\n<li>Pallegafler m.m<\/li>\n<li>Minil\u00e6sser med 4 i 1 skovl, overfaldsgreb og pallegafler<\/li>\n<li>Traktor med dumpervogn<\/li>\n<li>Traktor med jordvogn til transport indreg.<\/li>\n<li>Blokvogn til egen transport af maskiner<\/li>\n<li>Lastbil med container<\/li>\n<li>Sandvogn til renovering af grusveje<\/li>\n<li>Vejh\u00f8vl<\/li>\n<li>Fejekost<\/li>\n<li>Slamsugning<\/li>\n<li>H\u00f8jtryksspuling<\/li>\n<li>Levering af alle former for sten, grus, granit og tr\u00e6flis<\/li>\n<li>Tvangsblander 1m3<\/li>\n<\/ul>\n<p>&nbsp;<\/p>\n","protected":false},"excerpt":{"rendered":"<p>Vi har stor erfaring indenfor etablering af veje og indk\u00f8rsler med forskellige former for bel\u00e6gning (asfalt og fliser). Nedgravning af kloak og vandledninger, el og antennekabel, er ogs\u00e5 arbejdsomr\u00e5der vi p\u00e5tager os. Endvidere s\u00f8rger vi for etablering af fundamenter til huse og erhvervsbygninger. F\u00f8lgende er&#8230;<\/p>\n","protected":false},"author":1,"featured_media":0,"parent":0,"menu_order":0,"comment_status":"closed","ping_status":"open","template":"","meta":{"footnotes":""},"class_list":["post-13","page","type-page","status-publish","hentry"],"_links":{"self":[{"href":"https:\/\/jj-maskinstation.dk\/index.php?rest_route=\/wp\/v2\/pages\/13","targetHints":{"allow":["GET"]}}],"collection":[{"href":"https:\/\/jj-maskinstation.dk\/index.php?rest_route=\/wp\/v2\/pages"}],"about":[{"href":"https:\/\/jj-maskinstation.dk\/index.php?rest_route=\/wp\/v2\/types\/page"}],"author":[{"embeddable":true,"href":"https:\/\/jj-maskinstation.dk\/index.php?rest_route=\/wp\/v2\/users\/1"}],"replies":[{"embeddable":true,"href":"https:\/\/jj-maskinstation.dk\/index.php?rest_route=%2Fwp%2Fv2%2Fcomments&post=13"}],"version-history":[{"count":7,"href":"https:\/\/jj-maskinstation.dk\/index.php?rest_route=\/wp\/v2\/pages\/13\/revisions"}],"predecessor-version":[{"id":90,"href":"https:\/\/jj-maskinstation.dk\/index.php?rest_route=\/wp\/v2\/pages\/13\/revisions\/90"}],"wp:attachment":[{"href":"https:\/\/jj-maskinstation.dk\/index.php?rest_route=%2Fwp%2Fv2%2Fmedia&parent=13"}],"curies":[{"name":"wp","href":"https:\/\/api.w.org\/{rel}","templated":true}]}}