{"id":9,"date":"2014-06-27T06:43:54","date_gmt":"2014-06-27T06:43:54","guid":{"rendered":"http:\/\/jj-maskinstation.dk\/?page_id=9"},"modified":"2018-01-10T12:21:12","modified_gmt":"2018-01-10T12:21:12","slug":"profil","status":"publish","type":"page","link":"https:\/\/jj-maskinstation.dk\/?page_id=9","title":{"rendered":"Profil"},"content":{"rendered":"<p><a href=\"https:\/\/jj-maskinstation.dk\/wp-content\/uploads\/2014\/10\/Billede020.jpg\"><img loading=\"lazy\" decoding=\"async\" class=\"alignnone wp-image-73 \" src=\"https:\/\/jj-maskinstation.dk\/wp-content\/uploads\/2014\/10\/Billede020-150x150.jpg\" alt=\"\" width=\"140\" height=\"128\" \/><\/a><\/p>\n<p>Firmaet er grundlagt helt tilbage i 1952 hvor Hans Chr. J\u00f8rgensen startede virksomheden med en enkelt traktor, hvor han lavede maskinstationsarbejde for omegnens landm\u00e6nd.<br \/>\nVirksomheden voksede hurtigt i takt med mekaniseringen i landbruget.<\/p>\n<p>Op i gennem 80&#8217;erne udviklede der sig et st\u00f8rre behov for entrepren\u00f8rarbejde, og man valgte at satse mere p\u00e5 dette omr\u00e5de.<\/p>\n<p>I 1991 overtog J\u00f8rn J\u00f8rgensen virksomheden, i forbindelse med et generationsskifte.<br \/>\nOp i gennem 90&#8217;erne opbyggede han en god stabil kundekreds omfattende bl.a. SEAS, NCC, og andre st\u00f8rre virksomheder, men ogs\u00e5 de lokale vandv\u00e6rker, kirkeg\u00e5rde, samt i erhvervs- og privatregi er kunderne at finde.<\/p>\n<p>I 2003 starter endnu et generationsskifte da firmaet J.J. Maskinstation ApS bliver oprettet i samarbejde med J\u00f8rn&#8217;s s\u00f8nner Keld og John.<\/p>\n<p>&nbsp;<\/p>\n<p>&nbsp;<\/p>\n<p>&nbsp;<\/p>\n<p>&nbsp;<\/p>\n","protected":false},"excerpt":{"rendered":"<p>Firmaet er grundlagt helt tilbage i 1952 hvor Hans Chr. J\u00f8rgensen startede virksomheden med en enkelt traktor, hvor han lavede maskinstationsarbejde for omegnens landm\u00e6nd. Virksomheden voksede hurtigt i takt med mekaniseringen i landbruget. Op i gennem 80&#8217;erne udviklede der sig et st\u00f8rre behov for entrepren\u00f8rarbejde,&#8230;<\/p>\n","protected":false},"author":1,"featured_media":0,"parent":0,"menu_order":0,"comment_status":"closed","ping_status":"open","template":"","meta":{"footnotes":""},"class_list":["post-9","page","type-page","status-publish","hentry"],"_links":{"self":[{"href":"https:\/\/jj-maskinstation.dk\/index.php?rest_route=\/wp\/v2\/pages\/9","targetHints":{"allow":["GET"]}}],"collection":[{"href":"https:\/\/jj-maskinstation.dk\/index.php?rest_route=\/wp\/v2\/pages"}],"about":[{"href":"https:\/\/jj-maskinstation.dk\/index.php?rest_route=\/wp\/v2\/types\/page"}],"author":[{"embeddable":true,"href":"https:\/\/jj-maskinstation.dk\/index.php?rest_route=\/wp\/v2\/users\/1"}],"replies":[{"embeddable":true,"href":"https:\/\/jj-maskinstation.dk\/index.php?rest_route=%2Fwp%2Fv2%2Fcomments&post=9"}],"version-history":[{"count":7,"href":"https:\/\/jj-maskinstation.dk\/index.php?rest_route=\/wp\/v2\/pages\/9\/revisions"}],"predecessor-version":[{"id":112,"href":"https:\/\/jj-maskinstation.dk\/index.php?rest_route=\/wp\/v2\/pages\/9\/revisions\/112"}],"wp:attachment":[{"href":"https:\/\/jj-maskinstation.dk\/index.php?rest_route=%2Fwp%2Fv2%2Fmedia&parent=9"}],"curies":[{"name":"wp","href":"https:\/\/api.w.org\/{rel}","templated":true}]}}