{"id":97,"date":"2015-10-20T08:43:01","date_gmt":"2015-10-20T08:43:01","guid":{"rendered":"http:\/\/jj-maskinstation.dk\/?page_id=97"},"modified":"2015-10-20T08:45:15","modified_gmt":"2015-10-20T08:45:15","slug":"danske-maskinstationer-og-entreprenoerer","status":"publish","type":"page","link":"https:\/\/jj-maskinstation.dk\/?page_id=97","title":{"rendered":"Danske Maskinstationer og Entrepren\u00f8rer."},"content":{"rendered":"<p>JJ Maskinstation er medlem af Danske Maskinstationer og Entrepren\u00f8rer.<\/p>\n<p>Det giver Dem som forbruger en sikkerhed, da det forpligter virksomheden til at f\u00f8lge love g\u00e6ldende for branchen.<\/p>\n<p>Der er fra 1. oktober 2015\u00a0tr\u00e5dt et nyt forbrugerklagesystem i kraft.<\/p>\n<p>Det betyder at hvis der skule opst\u00e5 et tvist mellem forbruger og virksomhed, som ikke kan l\u00f8ses af de to,<\/p>\n<p>har man som forbruger nu mulighed for at henvende sig til:<\/p>\n<p>H\u00e5ndv\u00e6rkets Anken\u00e6vn, Islandsbrygge 26, 2300 K\u00f8benhavn .<\/p>\n<p>www.hvanke<\/p>\n<p>&nbsp;<\/p>\n<p><a href=\"http:\/\/jj-maskinstation.dk\/wp-content\/uploads\/2014\/06\/Byggeriets-Anken\u00e6vn-logo_meget_lille.png\"><img loading=\"lazy\" decoding=\"async\" class=\"size-full wp-image-94\" src=\"http:\/\/jj-maskinstation.dk\/wp-content\/uploads\/2014\/06\/Byggeriets-Anken\u00e6vn-logo_meget_lille.png\" alt=\"Den 1. oktober 2015 tr\u00e5dte et nyt forbrugerklagesystem i kraft, som medf\u00f8rer at vi skal g\u00f8re opm\u00e6rksom p\u00e5, hvor man som forbruger kan henvende sig i en eventuel klagesag. \" width=\"236\" height=\"70\" \/><\/a><\/p>\n<p class=\"wp-caption-dd\">\n<p>&nbsp;<\/p>\n<p>&nbsp;<\/p>\n","protected":false},"excerpt":{"rendered":"<p>JJ Maskinstation er medlem af Danske Maskinstationer og Entrepren\u00f8rer. Det giver Dem som forbruger en sikkerhed, da det forpligter virksomheden til at f\u00f8lge love g\u00e6ldende for branchen. Der er fra 1. oktober 2015\u00a0tr\u00e5dt et nyt forbrugerklagesystem i kraft. Det betyder at hvis der skule opst\u00e5&#8230;<\/p>\n","protected":false},"author":2,"featured_media":0,"parent":0,"menu_order":0,"comment_status":"closed","ping_status":"open","template":"","meta":{"footnotes":""},"class_list":["post-97","page","type-page","status-publish","hentry"],"_links":{"self":[{"href":"https:\/\/jj-maskinstation.dk\/index.php?rest_route=\/wp\/v2\/pages\/97","targetHints":{"allow":["GET"]}}],"collection":[{"href":"https:\/\/jj-maskinstation.dk\/index.php?rest_route=\/wp\/v2\/pages"}],"about":[{"href":"https:\/\/jj-maskinstation.dk\/index.php?rest_route=\/wp\/v2\/types\/page"}],"author":[{"embeddable":true,"href":"https:\/\/jj-maskinstation.dk\/index.php?rest_route=\/wp\/v2\/users\/2"}],"replies":[{"embeddable":true,"href":"https:\/\/jj-maskinstation.dk\/index.php?rest_route=%2Fwp%2Fv2%2Fcomments&post=97"}],"version-history":[{"count":2,"href":"https:\/\/jj-maskinstation.dk\/index.php?rest_route=\/wp\/v2\/pages\/97\/revisions"}],"predecessor-version":[{"id":100,"href":"https:\/\/jj-maskinstation.dk\/index.php?rest_route=\/wp\/v2\/pages\/97\/revisions\/100"}],"wp:attachment":[{"href":"https:\/\/jj-maskinstation.dk\/index.php?rest_route=%2Fwp%2Fv2%2Fmedia&parent=97"}],"curies":[{"name":"wp","href":"https:\/\/api.w.org\/{rel}","templated":true}]}}